{"id":76,"date":"2014-09-18T10:47:51","date_gmt":"2014-09-18T10:47:51","guid":{"rendered":"http:\/\/104.131.255.213\/specular\/minimal\/?page_id=4"},"modified":"2025-11-28T19:44:07","modified_gmt":"2025-11-28T18:44:07","slug":"home","status":"publish","type":"page","link":"https:\/\/www.mbp-foundation.org\/","title":{"rendered":"Home"},"content":{"rendered":"<div class=\"wpb-content-wrapper\"><p>[vc_row type=&#8221;full_width_background&#8221; top_padding=&#8221;60&#8243; bottom_padding=&#8221;60&#8243;][vc_column][vc_custom_heading text=&#8221;Die Martine &amp; Bertram Pohl Foundation mit Sitz in Luxemburg wurde 2007 mit dem Ziel gegr\u00fcndet, nationale und internationale Projekte im Bereich der Kinder- und Jugendf\u00f6rderung, dem Tierschutz sowie fr\u00fcher auch der Musikf\u00f6rderung zu unterst\u00fctzen.&#8221; font_container=&#8221;tag:h1|font_size:18px|text_align:center|color:%23444444|line_height:26px&#8221; el_id=&#8221;startseite-text&#8221; el_class=&#8221;startseite-text&#8221;][vc_empty_space height=&#8221;20px&#8221;][vc_custom_heading text=&#8221;Wir f\u00f6rdern vornehmlich existierende Projekte, welche unserer Zielsetzung entsprechen, nicht nur finanziell, sondern auch logistisch und mit Networking.&#8221; font_container=&#8221;tag:h2|font_size:16px|text_align:center|color:%23444444|line_height:24px&#8221; el_id=&#8221;startseite-text&#8221; el_class=&#8221;startseite-text&#8221;][separator width=&#8221;100%&#8221; height=&#8221;1px&#8221; color=&#8221;#e1e1e1&#8243; margin_top=&#8221;40px&#8221;][\/vc_column][\/vc_row][vc_row type=&#8221;full_width_background&#8221; top_padding=&#8221;20&#8243; bottom_padding=&#8221;40&#8243;][vc_column width=&#8221;1\/3&#8243;][services_medium title=&#8221;Die Idee&#8221; style=&#8221;style_3&#8243; icon=&#8221;linecon-icon-bulb&#8221; border_color=&#8221;#e5e5e5&#8243; dynamic_content_link=&#8221;https:\/\/www.mbp-foundation.org\/?page_id=1517&#8243;]<\/p>\n<p style=\"text-align: center;\">Die Stiftung wurde 2007 von Bertram Pohl in Luxemburg mit dem Ziel gegr\u00fcndet, nationale und internationale Projekte zu unterst\u00fctzen.<\/p>\n<p>[\/services_medium][\/vc_column][vc_column width=&#8221;1\/3&#8243;][services_medium title=&#8221;Unser Team&#8221; style=&#8221;style_3&#8243; icon=&#8221;steadysets-icon-users2&#8243; border_color=&#8221;#e5e5e5&#8243; dynamic_content_link=&#8221;https:\/\/www.mbp-foundation.org\/?page_id=1166&#8243;]<\/p>\n<p style=\"text-align: center;\">Die Martine &amp; Bertram Pohl Foundation (MBPF) folgt einer langen famili\u00e4ren Tradition und tr\u00e4gt den Namen seiner Initiatoren.<\/p>\n<p>[\/services_medium][\/vc_column][vc_column width=&#8221;1\/3&#8243;][services_medium title=&#8221;Unsere Projekte&#8221; style=&#8221;style_3&#8243; icon=&#8221;steadysets-icon-chart&#8221; border_color=&#8221;#e5e5e5&#8243; dynamic_content_link=&#8221;https:\/\/www.mbp-foundation.org\/?cat=11&#8243;]<\/p>\n<p style=\"text-align: center;\">Hier k\u00f6nnen Sie sich \u00fcber von uns gef\u00f6rderte, laufende und abgeschlossene Projekte informieren.<\/p>\n<p>[\/services_medium][\/vc_column][\/vc_row][vc_row][vc_column][vc_column_text css=&#8221;&#8221;]<\/p>\n<h1 style=\"text-align: center;\">Bam Challenge 2025<\/h1>\n<p style=\"text-align: center;\"><a href=\"https:\/\/www.mbp-foundation.org\/?p=2530\">Challenge angenommen und zwei B\u00e4ume gepflanzt<\/a><\/p>\n<p>[\/vc_column_text][\/vc_column][\/vc_row][vc_row type=&#8221;full_width_background&#8221; top_padding=&#8221;20&#8243; bottom_padding=&#8221;20&#8243;][vc_column][separator width=&#8221;100%&#8221; height=&#8221;1px&#8221; color=&#8221;#e1e1e1&#8243; margin_bottom=&#8221;40px&#8221;][textbar title=&#8221;Sie m\u00f6chten uns helfen und unsere Projekte zu unterst\u00fctzen?&#8221; button_title=&#8221;Spenden&#8221; button_link=&#8221;https:\/\/www.mbp-foundation.org\/?page_id=1762&#8243; icon=&#8221;steadysets-icon-users2&#8243;][\/vc_column][\/vc_row][vc_row type=&#8221;full_width_background&#8221; top_padding=&#8221;20&#8243; bottom_padding=&#8221;20&#8243;][vc_column][separator width=&#8221;100%&#8221; height=&#8221;1px&#8221; color=&#8221;#e1e1e1&#8243; margin_bottom=&#8221;40px&#8221;][textbar title=&#8221;Bitte helfen Sie den Kindern in Syrien!&#8221; button_title=&#8221;Spenden&#8221; button_link=&#8221;https:\/\/www.betterplace.org\/de\/projects\/24142-hilfe-fur-kinder-in-syrien-sos-kinderdorfer&#8221; icon=&#8221;steadysets-icon-users2&#8243;][\/vc_column][\/vc_row][vc_row type=&#8221;full_width_background&#8221; top_padding=&#8221;25&#8243; bottom_padding=&#8221;20&#8243;][vc_column][separator width=&#8221;100%&#8221; height=&#8221;1px&#8221; color=&#8221;#e1e1e1&#8243; margin_bottom=&#8221;70px&#8221;][vc_row_inner][vc_column_inner width=&#8221;1\/3&#8243;][services_media title=&#8221;Kinder&#8221; photo=&#8221;1629&#8243; link=&#8221;https:\/\/www.mbp-foundation.org\/?cat=13&#8243;]Nationale und internationale Projekte im Bereich der Kinder- und Jugendf\u00f6rderung.[\/services_media][\/vc_column_inner][vc_column_inner width=&#8221;1\/3&#8243;][services_media title=&#8221;Tierschutz&#8221; photo=&#8221;1630&#8243; link=&#8221;https:\/\/www.mbp-foundation.org\/?cat=14&#8243;]Eine unserer F\u00f6rderschwerpunkte ist es, den Tierschutz zu unterst\u00fctzen und gef\u00e4hrdete Tierarten vor dem Aussterben zu bewahren.[\/services_media][\/vc_column_inner][vc_column_inner width=&#8221;1\/3&#8243;][services_media title=&#8221;Musikf\u00f6rderung&#8221; photo=&#8221;1768&#8243; link=&#8221;https:\/\/www.mbp-foundation.org\/?cat=18&#8243;]Hier finden Sie Unterst\u00fctzungsprojekte im Bereich der Musikf\u00f6rderung. Mittlerweile verfolgen wir dieses F\u00f6rderschwerpunkt nicht weiter und widmen uns verst\u00e4rkt Projekten der Jugendf\u00f6rderung und des Tierschutzes.[\/services_media][\/vc_column_inner][\/vc_row_inner][\/vc_column][\/vc_row][vc_row][vc_column][\/vc_column][\/vc_row]<\/p>\n<\/div>","protected":false},"excerpt":{"rendered":"<p>[vc_row type=&#8221;full_width_background&#8221; top_padding=&#8221;60&#8243; bottom_padding=&#8221;60&#8243;][vc_column][vc_custom_heading text=&#8221;Die Martine &amp; Bertram Pohl Foundation mit Sitz in Luxemburg wurde 2007 mit dem Ziel gegr\u00fcndet, nationale und internationale Projekte im Bereich der Kinder- und Jugendf\u00f6rderung, dem Tierschutz sowie fr\u00fcher auch der Musikf\u00f6rderung zu unterst\u00fctzen.&#8221; font_container=&#8221;tag:h1|font_size:18px|text_align:center|color:%23444444|line_height:26px&#8221; el_id=&#8221;startseite-text&#8221; el_class=&#8221;startseite-text&#8221;][vc_empty_space height=&#8221;20px&#8221;][vc_custom_heading text=&#8221;Wir f\u00f6rdern vornehmlich existierende Projekte, welche unserer Zielsetzung entsprechen, nicht nur finanziell, [&hellip;]<\/p>\n","protected":false},"author":7,"featured_media":0,"parent":0,"menu_order":0,"comment_status":"open","ping_status":"open","template":"","meta":{"footnotes":""},"class_list":["post-76","page","type-page","status-publish","hentry"],"_links":{"self":[{"href":"https:\/\/www.mbp-foundation.org\/index.php?rest_route=\/wp\/v2\/pages\/76","targetHints":{"allow":["GET"]}}],"collection":[{"href":"https:\/\/www.mbp-foundation.org\/index.php?rest_route=\/wp\/v2\/pages"}],"about":[{"href":"https:\/\/www.mbp-foundation.org\/index.php?rest_route=\/wp\/v2\/types\/page"}],"author":[{"embeddable":true,"href":"https:\/\/www.mbp-foundation.org\/index.php?rest_route=\/wp\/v2\/users\/7"}],"replies":[{"embeddable":true,"href":"https:\/\/www.mbp-foundation.org\/index.php?rest_route=%2Fwp%2Fv2%2Fcomments&post=76"}],"version-history":[{"count":24,"href":"https:\/\/www.mbp-foundation.org\/index.php?rest_route=\/wp\/v2\/pages\/76\/revisions"}],"predecessor-version":[{"id":2533,"href":"https:\/\/www.mbp-foundation.org\/index.php?rest_route=\/wp\/v2\/pages\/76\/revisions\/2533"}],"wp:attachment":[{"href":"https:\/\/www.mbp-foundation.org\/index.php?rest_route=%2Fwp%2Fv2%2Fmedia&parent=76"}],"curies":[{"name":"wp","href":"https:\/\/api.w.org\/{rel}","templated":true}]}}