{"id":2121,"date":"2018-01-24T18:29:30","date_gmt":"2018-01-24T17:29:30","guid":{"rendered":"http:\/\/www.mbp-foundation.org\/?page_id=2121"},"modified":"2018-09-23T21:26:09","modified_gmt":"2018-09-23T20:26:09","slug":"erika-pohl-stroher","status":"publish","type":"page","link":"https:\/\/www.mbp-foundation.org\/?page_id=2121","title":{"rendered":"Erika Pohl-Str\u00f6her"},"content":{"rendered":"<div class=\"wpb-content-wrapper\"><p>[vc_row][vc_column][vc_column_text]<a href=\"\/\/www.mbp-foundation.org\/wp-content\/uploads\/2018\/01\/Dr.-Erika-Pohl-Str\u00f6her.jpg\"><img loading=\"lazy\" decoding=\"async\" class=\"size-medium wp-image-2124 aligncenter\" src=\"\/\/www.mbp-foundation.org\/wp-content\/uploads\/2018\/01\/Dr.-Erika-Pohl-Str\u00f6her-202x300.jpg\" alt=\"\" width=\"202\" height=\"300\" srcset=\"https:\/\/www.mbp-foundation.org\/wp-content\/uploads\/2018\/01\/Dr.-Erika-Pohl-Str\u00f6her-202x300.jpg 202w, https:\/\/www.mbp-foundation.org\/wp-content\/uploads\/2018\/01\/Dr.-Erika-Pohl-Str\u00f6her-689x1024.jpg 689w, https:\/\/www.mbp-foundation.org\/wp-content\/uploads\/2018\/01\/Dr.-Erika-Pohl-Str\u00f6her.jpg 808w, https:\/\/www.mbp-foundation.org\/wp-content\/uploads\/2018\/01\/Dr.-Erika-Pohl-Str\u00f6her-202x300@2x.jpg 404w\" sizes=\"auto, (max-width: 202px) 100vw, 202px\" \/><\/a><\/p>\n<p style=\"text-align: center;\">Dr. Erika Pohl-Str\u00f6her 18.01.1919 &#8211; 18.12.2016<\/p>\n<p style=\"text-align: justify;\">war eine begeisterte Sammlerin. Ihre Hauptleidenschaft galt den Mineralien &#8211; sie ersammelte die wohl bedeutendste und \u00e4sthetischste\u00a0 private Mineraliensammlung, welche sie zu bedeutenden Teilen schon zu Lebzeiten der <a href=\"http:\/\/www.terra-mineralia.de\/\">Terra Mineralia<\/a> als Dauerausstellung zukommen lie\u00df. Ihrer Heimat, dem Erzgebirge, verbunden, sammelte sie auch volkst\u00fcmliches erzgebirgisches Spielzeug, welches in der <a href=\"http:\/\/www.manufaktur-der-traeume.de\">Manufaktur der Tr\u00e4ume<\/a> besucht werden kann. Gro\u00dfe weitere Sch\u00e4tze an Spielzeug, Weihnachtspyramiden, Weihnachtsbergen, etc. sind in dem \u00f6ffentlich zug\u00e4nglichem <a href=\"http:\/\/www.lopesa.de\">Depot Lopesa<\/a> gelagert.<\/p>\n<p style=\"text-align: justify;\">Bertram Pohl hat in der Erbverteilung eine gro\u00dfe Sammlung an Puppen und Teddies erhalten, darunter ca. 1000 historische K\u00e4the Kruse Puppen, etwa eben so viele Steiff Teddies, weitere Puppen und Puppenzubeh\u00f6r. Die gesamte Sammlung umfa\u00dft nahezu 4000 Einzelst\u00fccke. Ein Gro\u00dfteil dieser Sammlung wurde bereits 2017 in das Depot der Lopesa gebracht. Der Rest folgte im Fr\u00fchling 2018. Dort wird die Sammlung photographiert und in einer Datenbank erfa\u00dft f\u00fcr sp\u00e4tere Ausstellungszwecke.<\/p>\n<p>Die Martine &amp; Bertram Pohl Foundation ist stolz, bekannt zu geben, da\u00df diese Puppen- und Teddysammlung von Bertram Pohl an die Stiftung in Form einer Schenkung \u00fcbertragen wurde. Zudem haben Martine &amp; Bertram Pohl das Stiftungskapital um einen bedeutenden Betrag aufgestockt, so da\u00df die Stiftung f\u00fcr die n\u00e4chste Dekade finanziell handlungsf\u00e4hig bleibt.<\/p>\n<p>Die Stiftung wird mit der Lopesa einen langfristigen Leihvertrag \u00fcber diese Puppen- und Teddysammlung abschlie\u00dfen. Ziel ist es, da\u00df die Lopesa die Sammlung f\u00fcr die Stiftung betreut und mittels Unterleihvertr\u00e4gen Museen zur Verf\u00fcgung stellt. Sinn ist vor Allem auch, da\u00df sich die Kinder und Jugendlichen der von uns gef\u00f6rderten Projekte an dieser Sammlung erfreuen k\u00f6nnen. Bereits in der Sommerschau 2018 konnte das Depot Pohl-Str\u00f6her einen Teil dieser Puppensammlung ausstellen.[\/vc_column_text][vc_row_inner][vc_column_inner offset=&#8221;vc_col-lg-offset-0 vc_col-lg-4&#8243;][vc_gallery interval=&#8221;3&#8243; images=&#8221;2141,2140,2139,2138,2137,2136,2135&#8243; img_size=&#8221;large&#8221; title=&#8221;Puppen&#8221;][\/vc_column_inner][\/vc_row_inner][\/vc_column][\/vc_row][vc_row][vc_column][vc_column_text]<\/p>\n<p style=\"text-align: center;\"><a href=\"https:\/\/www.youtube.com\/watch?v=ff_-zovIrOQ\">https:\/\/www.youtube.com\/watch?v=ff_-zovIrOQ<\/a><\/p>\n<p>[\/vc_column_text][\/vc_column][\/vc_row][vc_row][vc_column][vc_column_text]<\/p>\n<p style=\"text-align: justify;\">Herr <a href=\"http:\/\/www.hollers-kinderfahrzeuge.de\" target=\"_blank\" rel=\"noopener\">Eckart Holler<\/a> hat zusammen mit Michael Schuster das Pohl-Str\u00f6her Depot der Lopesa aufgebaut und dabei seine eigene Sammlung von Kinderfahrzeugen eingebracht. Durch Herrn Holler gelang es auch eine weitere Sammlung von \u00fcber 400 Kinderfahrzeugen zu erwerben. Auch diese Sammlung wird als Schenkung in den Besitz unserer Stiftung \u00fcbergehen. Beide Sammlungen zusammen stellen die weltweit gr\u00f6\u00dfte Sammlung an Kinderfahrtzeugen dar.<\/p>\n<p>[\/vc_column_text][vc_row_inner][vc_column_inner offset=&#8221;vc_col-lg-offset-0 vc_col-lg-4&#8243;][vc_gallery interval=&#8221;3&#8243; images=&#8221;2199,2192,2198,2197,2196,2195,2194,2193&#8243; img_size=&#8221;large&#8221; title=&#8221;Kinderwagen&#8221;][\/vc_column_inner][\/vc_row_inner][\/vc_column][\/vc_row]<\/p>\n<p style=\"text-align: center;\"><a href=\"https:\/\/www.youtube.com\/watch?v=-niBnqc2vtg\">https:\/\/www.youtube.com\/watch?v=-niBnqc2vtg<\/a><\/p>\n<\/div>","protected":false},"excerpt":{"rendered":"<p>[vc_row][vc_column][vc_column_text] Dr. Erika Pohl-Str\u00f6her 18.01.1919 &#8211; 18.12.2016 war eine begeisterte Sammlerin. Ihre Hauptleidenschaft galt den Mineralien &#8211; sie ersammelte die wohl bedeutendste und \u00e4sthetischste\u00a0 private Mineraliensammlung, welche sie zu bedeutenden Teilen schon zu Lebzeiten der Terra Mineralia als Dauerausstellung zukommen lie\u00df. Ihrer Heimat, dem Erzgebirge, verbunden, sammelte sie auch volkst\u00fcmliches erzgebirgisches Spielzeug, welches in der [&hellip;]<\/p>\n","protected":false},"author":2,"featured_media":0,"parent":0,"menu_order":0,"comment_status":"closed","ping_status":"closed","template":"","meta":{"footnotes":""},"class_list":["post-2121","page","type-page","status-publish","hentry"],"_links":{"self":[{"href":"https:\/\/www.mbp-foundation.org\/index.php?rest_route=\/wp\/v2\/pages\/2121","targetHints":{"allow":["GET"]}}],"collection":[{"href":"https:\/\/www.mbp-foundation.org\/index.php?rest_route=\/wp\/v2\/pages"}],"about":[{"href":"https:\/\/www.mbp-foundation.org\/index.php?rest_route=\/wp\/v2\/types\/page"}],"author":[{"embeddable":true,"href":"https:\/\/www.mbp-foundation.org\/index.php?rest_route=\/wp\/v2\/users\/2"}],"replies":[{"embeddable":true,"href":"https:\/\/www.mbp-foundation.org\/index.php?rest_route=%2Fwp%2Fv2%2Fcomments&post=2121"}],"version-history":[{"count":35,"href":"https:\/\/www.mbp-foundation.org\/index.php?rest_route=\/wp\/v2\/pages\/2121\/revisions"}],"predecessor-version":[{"id":2265,"href":"https:\/\/www.mbp-foundation.org\/index.php?rest_route=\/wp\/v2\/pages\/2121\/revisions\/2265"}],"wp:attachment":[{"href":"https:\/\/www.mbp-foundation.org\/index.php?rest_route=%2Fwp%2Fv2%2Fmedia&parent=2121"}],"curies":[{"name":"wp","href":"https:\/\/api.w.org\/{rel}","templated":true}]}}