{"id":1523,"date":"2016-10-07T11:11:01","date_gmt":"2016-10-07T09:11:01","guid":{"rendered":"http:\/\/mbp-foundation.org\/?page_id=1344"},"modified":"2018-01-24T17:02:45","modified_gmt":"2018-01-24T16:02:45","slug":"kooperationen","status":"publish","type":"page","link":"https:\/\/www.mbp-foundation.org\/?page_id=1523","title":{"rendered":"Kooperationen"},"content":{"rendered":"<p>Wir danken von ganzem Herzen dem Tischtennis Club \u201cEntre nous\u201d Linger f\u00fcr seine grossz\u00fcgigen Spenden und f\u00fcr die erfolgreiche Sammelaktionen &#8211; nun schon das zweite Jahr in Folge. Wir konnten mit dieser Hilfe vielen Kinder eine Freude machen. <a href=\"http:\/\/www.dtlenger.com\/\" target=\"_blank\">www.dtlenger.com<\/a><br \/>\n&nbsp;<br \/>\nVon ganzem Herzen danken wir der <a href=\"https:\/\/www.ferrero.com\/\">Firma Ferrero <\/a>f\u00fcr die vielen Schokolade-Geschenke \u00fcber all die Jahre, aber besonders die Riesenpakete im Januar 2018 f\u00fcr das Fu\u00dfballturnier. Diese Spenden habe sehr viele Kinder gl\u00fccklich gemacht.<br \/>\n&nbsp;<br \/>\nWir danken der <a href=\"http:\/\/www.mimz.lu\/\">Boutique Mim&#8217;z<\/a> f\u00fcr die gro\u00dfz\u00fcgige Spende.<br \/>\n&nbsp;<br \/>\nEin ganz gro\u00dfes Dankesch\u00f6n an den <a href=\"\/\/www.mbp-foundation.org\/?p=353\">Park Merveilleux<\/a> f\u00fcr die vielen j\u00e4hrlichen Freikarten, welche wir immer gerne an eines unserer Kinderprojekte weiter spenden.<br \/>\n&nbsp;<br \/>\nAuch ein ganz dickes Dankesch\u00f6n an die <a href=\"http:\/\/www.xinex.lu\">Firma Xinex<\/a> f\u00fcr den Beamer mit Leinwand f\u00fcr Rum\u00e4nien.<br \/>\n&nbsp;<\/p>\n<p>An dieser Stelle richten wir ein grosses Dankesch\u00f6n an Sales Lentz, welche es uns erm\u00f6glichen, Kinder und Jugendliche in wohlverdiente Ferien zu schicken. <a href=\"http:\/\/www.sales-lentz.lu\/\" target=\"_blank\">www.sales-lentz.lu<\/a><br \/>\n&nbsp;<br \/>\n&#8230;und nat\u00fcrlich danken wir auch von ganzen Herzen all den vielen Spendern, welche uns mit Geld- und\/oder Sachspenden geholfen haben, unserer Zielen ein wenig n\u00e4her zu kommen. Auch wenn ihr nicht alle namentlich erw\u00e4hnt seid, wir sind nicht minder dankbar!<\/p>\n","protected":false},"excerpt":{"rendered":"<p>Wir danken von ganzem Herzen dem Tischtennis Club \u201cEntre nous\u201d Linger f\u00fcr seine grossz\u00fcgigen Spenden und f\u00fcr die erfolgreiche Sammelaktionen &#8211; nun schon das zweite Jahr in Folge. Wir konnten mit dieser Hilfe vielen Kinder eine Freude machen. www.dtlenger.com &nbsp; Von ganzem Herzen danken wir der Firma Ferrero f\u00fcr die vielen Schokolade-Geschenke \u00fcber all die [&hellip;]<\/p>\n","protected":false},"author":7,"featured_media":0,"parent":0,"menu_order":0,"comment_status":"closed","ping_status":"closed","template":"","meta":{"footnotes":""},"class_list":["post-1523","page","type-page","status-publish","hentry"],"_links":{"self":[{"href":"https:\/\/www.mbp-foundation.org\/index.php?rest_route=\/wp\/v2\/pages\/1523","targetHints":{"allow":["GET"]}}],"collection":[{"href":"https:\/\/www.mbp-foundation.org\/index.php?rest_route=\/wp\/v2\/pages"}],"about":[{"href":"https:\/\/www.mbp-foundation.org\/index.php?rest_route=\/wp\/v2\/types\/page"}],"author":[{"embeddable":true,"href":"https:\/\/www.mbp-foundation.org\/index.php?rest_route=\/wp\/v2\/users\/7"}],"replies":[{"embeddable":true,"href":"https:\/\/www.mbp-foundation.org\/index.php?rest_route=%2Fwp%2Fv2%2Fcomments&post=1523"}],"version-history":[{"count":7,"href":"https:\/\/www.mbp-foundation.org\/index.php?rest_route=\/wp\/v2\/pages\/1523\/revisions"}],"predecessor-version":[{"id":2088,"href":"https:\/\/www.mbp-foundation.org\/index.php?rest_route=\/wp\/v2\/pages\/1523\/revisions\/2088"}],"wp:attachment":[{"href":"https:\/\/www.mbp-foundation.org\/index.php?rest_route=%2Fwp%2Fv2%2Fmedia&parent=1523"}],"curies":[{"name":"wp","href":"https:\/\/api.w.org\/{rel}","templated":true}]}}