{"id":1520,"date":"2016-10-06T18:26:47","date_gmt":"2016-10-06T17:26:47","guid":{"rendered":"http:\/\/mbp-foundation.org\/?page_id=1245"},"modified":"2020-02-20T19:20:58","modified_gmt":"2020-02-20T18:20:58","slug":"impressum-und-datenschutz","status":"publish","type":"page","link":"https:\/\/www.mbp-foundation.org\/?page_id=1520","title":{"rendered":"Allgemeine rechtliche Aspekte"},"content":{"rendered":"<div class=\"entry-content\">\n<h2><strong>Martine &amp; Bertram Pohl Foundation<\/strong><\/h2>\n<p>78, Rue du Golf<br \/>\nL-1638 Senningerberg<br \/>\nTel.: +352 \u2013 26 94 80 \u2013 50<br \/>\nFax: +352 \u2013 26 94 80 \u2013 99<\/p>\n<\/div>\n<p><h3>  <\/h3>\n<\/p>\n<h3 class=\"western\" style=\"text-align: justify;\">Allgemeine Nutzungsbedingungen (ANB) der Internetseite<\/h3>\n<p style=\"text-align: justify;\">Personen, die Informationen, Dokumente, Produkte, Softwareprogramme und einzelne Dienste (allgemein die \u201e<strong>Dienste<\/strong>\u201c) dieser Internetseite nutzen, nehmen damit die vorliegenden Allgemeinen Nutzungsbedingungen mit all ihren Bestimmungen zur Kenntnis und stimmen diesen zu.<\/p>\n<p style=\"text-align: justify;\">\u201e<strong><b>Stiftung<\/b><\/strong>\u201c bezeichnet die Martine &amp; Bertram Pohl Foundation, welche f\u00fcr diese Internetseite verantwortlich ist.<\/p>\n<h3 class=\"western\" style=\"text-align: justify;\">Pflichten des Nutzers<\/h3>\n<p style=\"text-align: justify;\">Der Zugang zur Internetseite erfolgt per Internet. Der Nutzer erkl\u00e4rt, dass er die damit verbundenen Risiken kennt und diese akzeptiert. Er muss sich vor Cyberkriminalit\u00e4t sch\u00fctzen, indem er eine geeignete und sichere Computerkonfiguration w\u00e4hlt.<\/p>\n<p style=\"text-align: justify;\">Die Stiftung kann nicht f\u00fcr Sch\u00e4den haftbar gemacht werden, die der Nutzer mittelbar oder unmittelbar in Verbindung mit seiner Navigation auf dieser Internetseite und der Nutzung ihrer Dienste sowie den Seiten, auf die verwiesen wird, erleiden sollte.<\/p>\n<p style=\"text-align: justify;\">Die Nutzung der Internetseite ist kostenlos.<\/p>\n<h3 class=\"western\" style=\"text-align: justify;\">Verwaltung der Cookies<\/h3>\n<p style=\"text-align: justify;\">Diese Seite verwendet Cookies, d. h. kleine Textdateien zur Analyse der Informationen \u00fcber die Navigation des Nutzers (H\u00e4ufigkeit der Besuche, Dauer der Besuche, aufgerufene Seiten usw.).<\/p>\n<p style=\"text-align: justify;\">Sie werden von der Internetseite in ein hierf\u00fcr vorgesehenes Verzeichnis auf dem Rechner des Nutzers platziert. Sie enthalten den Namen des Servers, der sie erzeugt hat, eine Kennung in Form einer eindeutigen Nummer und ein Verfallsdatum. Die eindeutige Kennung erm\u00f6glicht der Internetseite, den Rechner des Nutzers bei jedem Besuch wiederzuerkennen. Die Cookies der Sitzung werden vom Rechner des Nutzers gel\u00f6scht, wenn die Sitzung beendet wird. Dauerhafte Cookies bleiben hingegen einen Monat nach Beendigung der Sitzung auf dem Rechner des Nutzers.<\/p>\n<p style=\"text-align: justify;\">Der Nutzer kann selbst entscheiden, ob der Webserver dieser Internetseite befugt ist oder nicht, Cookies auf seinem Rechner zu speichern. Er hat jederzeit die Wahl, die Einstellungen seines Browsers so anzupassen, dass Cookies nicht akzeptiert oder gespeichert werden. Im \u00dcbrigen kann er bereits gespeicherte Cookies in seinem Browser jederzeit l\u00f6schen (siehe <a href=\"https:\/\/gouvernement.lu\/de\/support\/cookies.html\">Cookie-Richtlinien<\/a>).<\/p>\n<p style=\"text-align: justify;\">Die Nutzung bestimmter Funktionen der Internetseite kann eingeschr\u00e4nkt oder deaktiviert werden, wenn der Nutzer die Cookies der Internetseite nicht zul\u00e4sst. Dem Nutzer wird demnach empfohlen, seinen Browser so einzustellen, dass die Cookies der Internetseite akzeptiert werden.<\/p>\n<h3 class=\"western\" style=\"text-align: justify;\">\u00c4nderungen der Internetseite<\/h3>\n<p style=\"text-align: justify;\">Die Stiftung beh\u00e4lt sich das Recht vor, wegen Wartungsarbeiten, Aktualisierungsma\u00dfnahmen oder aus sonstigen triftigen Gr\u00fcnden ohne Ank\u00fcndigung Weiterentwicklungen, \u00c4nderungen oder Unterbrechungen an der Internetseite vorzunehmen.<\/p>\n<p style=\"text-align: justify;\">Die Stiftung kann insbesondere vorhandene Informationen und Dienste der Internetseite jederzeit ganz oder teilweise entfernen, hinzuf\u00fcgen, erg\u00e4nzen oder pr\u00e4zisieren. Sch\u00e4den in direktem oder indirektem Zusammenhang mit diesen \u00c4nderungen begr\u00fcnden keinerlei Anspr\u00fcche gegen\u00fcber der Stiftung.<\/p>\n<h3 class=\"western\" style=\"text-align: justify;\">Allgemeine Haftungsbeschr\u00e4nkungen<\/h3>\n<p style=\"text-align: justify;\">Die Stiftung gew\u00e4hrleistet die gr\u00f6\u00dftm\u00f6gliche Verf\u00fcgbarkeit dieser Internetseite. Gleichwohl kann sie im Falle der zeitweiligen oder v\u00f6lligen Nichtverf\u00fcgbarkeit der Internetseite nicht haftbar gemacht werden.<\/p>\n<p style=\"text-align: justify;\">Die Stiftung gew\u00e4hrleistet nach besten Kr\u00e4ften die Sicherheit des Datensystems. Gleichwohl kann sie im Falle der zeitweiligen oder v\u00f6lligen Nichtverf\u00fcgbarkeit der Internetseite nicht haftbar gemacht werden.<\/p>\n<p style=\"text-align: justify;\">Die Stiftung gew\u00e4hrleistet nach besten Kr\u00e4ften die Richtigkeit der in der Internetseite enthaltenen Informationen, die ver\u00f6ffentlicht werden. Dennoch kann die Stiftung nicht haftbar gemacht werden im Fall einer nicht erfolgten Aktualisierung von Informationen oder Formularen, im Fall von Anwendungsfehlern bei System oder Codierung, im Fall von Ungenauigkeiten oder L\u00fcckenhaftigkeit der bereitgestellten Informationen oder eventuellen Irrt\u00fcmern bzw. Fehlern. Das Ziel besteht zwar darin, richtige und aktuelle Informationen aus verschiedenen Quellen zu verbreiten, die Stiftung kann jedoch nicht jegliches Risiko eines sachlichen Irrtums ausschlie\u00dfen. Keine der auf dieser Internetseite ver\u00f6ffentlichten Informationen erhebt den Anspruch auf Vollst\u00e4ndigkeit oder stellt eine rechtliche Verpflichtung seitens der Stiftung dar. Die allgemeinverst\u00e4ndlichen Darstellungen und \u00dcbersetzungen haben rein informativen Charakter. Die Informationen auf dieser Internetseite sind allgemeiner Natur. Die Informationen sind folglich nicht pers\u00f6nlichen oder spezifischen Gegebenheiten angepasst und k\u00f6nnen demnach nicht als pers\u00f6nliche, berufliche oder rechtliche Beratung des Nutzers angesehen werden.<\/p>\n<h3 class=\"western\" style=\"text-align: justify;\">Haftungsbeschr\u00e4nkung der Internetseite<\/h3>\n<p style=\"text-align: justify;\">Die Haftung dieser Internetseite wird ausdr\u00fccklich f\u00fcr alle direkten und indirekten Folgen ausgeschlossen, die aus den nachstehenden Sachverhalten resultieren:<\/p>\n<ul style=\"text-align: justify;\">\n<li>mangelnde Kompatibilit\u00e4t zwischen dem angebotenen Dienst und der Ausstattung, den Anwendungen, Verfahren oder Infrastrukturen des Nutzers oder Dritter;<\/li>\n<li>Sicherheitsl\u00fccken, die auf den Nutzer oder einen Dritten zur\u00fcckzuf\u00fchren sind, und, allgemein, alle Sicherheitsl\u00fccken, die nicht unmittelbar dieser Internetseite angelastet werden k\u00f6nnen;<\/li>\n<li>Fehler und\/oder Betrug seitens des Nutzers oder eines Dritten;<\/li>\n<li>m\u00f6gliche Nichtverf\u00fcgbarkeit oder Fehlfunktion der elektronischen Systeme oder Kommunikationsnetze.<\/li>\n<\/ul>\n<h3 class=\"western\" style=\"text-align: justify;\">Links zu anderen Internetseiten<\/h3>\n<p style=\"text-align: justify;\">Diese Internetseite kann Links zu anderen Internetseiten enthalten, die f\u00fcr Nutzer n\u00fctzlich oder von Interesse sein k\u00f6nnen. Die Stiftung f\u00fchrt keine systematische Kontrolle des Inhalts dieser Internetseiten aus. Sie kann infolgedessen nicht f\u00fcr Inhalte dieser Internetseiten haftbar gemacht werden, weder im Hinblick auf ihre Rechtm\u00e4\u00dfigkeit noch auf die Richtigkeit der dort angegebenen Informationen.<\/p>\n<h3 class=\"western\" style=\"text-align: justify;\">Geistiges Eigentum<\/h3>\n<p style=\"text-align: justify;\">Die Internetseite, s\u00e4mtliche ihrer Komponenten (auch das Layout) sowie die Informationen und Dienste sind durch die Gesetze zum Schutz des geistigen Eigentums und des Urheberrechts gesch\u00fctzt.<\/p>\n<p style=\"text-align: justify;\"><span style=\"font-family: Palatino Linotype, serif;\">Vorbehaltlich gegenteiliger Angaben gew\u00e4hrt die Stiftung keinerlei Lizenz oder Genehmigung in Bezug auf die Rechte des geistigen Eigentums, die sie an dieser Internetseite, deren Komponenten oder Diensten besitzt.<\/span><\/p>\n<p style=\"text-align: justify;\"><span style=\"font-family: Palatino Linotype, serif;\">Alle Texte, Abbildungen und sonstige Inhalte sind urheberrechtlich gesch\u00fctzt. Jegliche Vervielf\u00e4ltigung oder Weiterverbreitung ohne vorherige schriftliche Genehmigung ist strengstens untersagt. Downloads und Kopien dieser Seite sind nur f\u00fcr den privaten, nicht kommerziellen Gebrauch gestattet.<\/span><\/p>\n<p style=\"text-align: justify;\"><span style=\"font-family: Palatino Linotype, serif;\">Das Copyright und die inhaltliche Verantwortung der jeweiligen Beitr\u00e4ge liegen bei den jeweiligen Lizenzgebern. Die Inhalte sind nur f\u00fcr den bestimmungsgem\u00e4\u00dfen Abruf im Internet frei verf\u00fcgbar. Inhalte dieser Website d\u00fcrfen ohne ausdr\u00fcckliche schriftliche Genehmigung der Martine &amp; Bertram Pohl Foundation nicht in irgendeiner Form vervielf\u00e4ltigt, verbreitet, ver\u00e4ndert oder Dritten zug\u00e4nglich gemacht werden.<\/span><\/p>\n<h3 class=\"western\" style=\"text-align: justify;\">Textdokumente<\/h3>\n<p style=\"text-align: justify;\">Sofern nicht anders angegeben ist der Nutzer berechtigt, ohne vorherigen Antrag alle Textdokumente einzusehen, herunterzuladen oder zu drucken.<\/p>\n<h3 class=\"western\" style=\"text-align: justify;\">Sonstige Inhalte<\/h3>\n<p style=\"text-align: justify;\">Sofern nicht anders angegeben ist die Wiedergabe sonstiger Inhalte (Fotos, Videos, Audio-Dateien, digitale Animationen, Grafiken, usw.) unter Nennung der Quelle, des Urheberrechts und des Autors, welche gegebenenfalls in unmittelbarer N\u00e4he des Inhaltes anzugeben sind, nur f\u00fcr private Zwecke kostenfrei gestattet.<\/p>\n<p style=\"text-align: justify;\">Diese Art von Inhalten darf nicht verkauft, entgeltlich vermietet, sowie f\u00fcr kommerzielle oder Werbezwecke verwendet werden.<\/p>\n<p style=\"text-align: justify;\">F\u00fcr jede Verwendung der Inhalte, welche nicht durch diese rechtlichen Aspekte geregelt wird, muss im Vorfeld das Nutzungsrecht bei der Stiftung eingeholt werden.<\/p>\n<p style=\"text-align: justify;\">Jedwede vollst\u00e4ndige oder partielle \u00c4nderung, Transformation oder Anpassung der vorgenannten Inhalte ist ohne vorherige Zustimmung der Stiftung untersagt.<\/p>\n<p style=\"text-align: justify;\">Nutzer, welche die Inhalte dieser Internetseite vervielf\u00e4ltigen, verpflichten sich, dies in Achtung der Menschenw\u00fcrde und der Person zu tun.<\/p>\n<p style=\"text-align: justify;\">Vorbehaltlich der ausdr\u00fccklichen Genehmigung des Herausgebers ist die vollst\u00e4ndige oder partielle Integration des Portals mbp-foundation.org in ein anderes Portal oder eine Internetseite untersagt.<\/p>\n<p style=\"text-align: justify;\">Die Rechte, die Ihnen oben implizit oder ausdr\u00fccklich einger\u00e4umt wurden, stellen eine Nutzungsgenehmigung dar und keinesfalls die Abtretung von Rechten, Eigentum oder Sonstigem im Zusammenhang mit dieser Internetseite.<\/p>\n<h3 class=\"western\" style=\"text-align: justify;\">\u00c4nderung der Allgemeinen Nutzungsbedingungen<\/h3>\n<p style=\"text-align: justify;\">Die vorliegenden Allgemeinen Nutzungsbedingungen k\u00f6nnen jederzeit und ohne Ank\u00fcndigung aufgrund von \u00c4nderungen der Internetseite, der Gesetzgebung oder aus sonstigen triftigen Gr\u00fcnden \u00c4nderungen oder Erg\u00e4nzungen erfahren. Es ist die Aufgabe des Nutzers, sich \u00fcber die Allgemeinen Nutzungsbedingungen der Internetseite zu informieren, deren jeweils aktualisierte Online-Version allein Geltung hat. Es ist durchaus m\u00f6glich, dass die Allgemeinen Nutzungsbedingungen zwischen zwei Nutzungen der Internetseite ge\u00e4ndert werden. Daher muss der Nutzer diese vor jeder neuen Nutzung genau lesen.<\/p>\n<h3 class=\"western\" style=\"text-align: justify;\">Geltendes Recht und zust\u00e4ndige Gerichtsbarkeit<\/h3>\n<p style=\"text-align: justify;\">Streitf\u00e4lle im Zusammenhang mit dieser Internetseite unterliegen luxemburgischem Recht und fallen ausschlie\u00dflich in den Zust\u00e4ndigkeitsbereich der Gerichtsbarkeit des Gro\u00dfherzogtums Luxemburg.<\/p>\n<h2 class=\"western\" style=\"text-align: justify;\">Schutz personenbezogener Daten des Portals<\/h2>\n<h3 class=\"western\" style=\"text-align: justify;\">Allgemeines<\/h3>\n<p style=\"text-align: justify;\">Die vom Nutzer eventuell \u00fcbermittelten personenbezogenen Daten werden gem\u00e4\u00df der <a href=\"https:\/\/eur-lex.europa.eu\/legal-content\/FR\/TXT\/?uri=CELEX:32016R0679\" target=\"_blank\" rel=\"noopener noreferrer\">Verordnung (EU) 2016\/679 des Europ\u00e4ischen Parlaments und des Rates vom 27. April 2016<\/a> zum Schutz nat\u00fcrlicher Personen bei der Verarbeitung personenbezogener Daten und zum freien Datenverkehr verarbeitet.<\/p>\n<p style=\"text-align: justify;\">Die Stiftung sammelt keine personenbezogenen Daten, abgesehen von IP-Adressen in den Serverprotokollen, die aus Sicherheitsgr\u00fcnden erhoben werden. Die Zustimmung des Nutzers vor dem Besuch dieser Internetseite ist nicht erforderlich.<\/p>\n<p style=\"text-align: justify;\">Verantwortlich f\u00fcr diese Verarbeitungen ist die f\u00fcr diese Internetseite verantwortliche Beh\u00f6rde oder sonstige Stelle.<\/p>\n<p style=\"text-align: justify;\">Der Nutzer kann Beschwerde in Bezug auf den Schutz seiner Daten \u00fcber die jeweils zur Verf\u00fcgung gestellten Kommunikationskan\u00e4le sowie beim Verantwortlichen einreichen, in diesem Fall bei der f\u00fcr diese Internetseite verantwortlichen Stelle. Der Nutzer kann zudem Beschwerde beim Datenschutzbeauftragten der Stiftung oder sonstigen Stelle einreichen, und zwar per E-Mail an die folgende Adresse <a href=\"mailto:datenschutz@mbp-foundation.org?subject=Datenschutz\">datenschutz at mbp-foundation.org<\/a>. Der Nutzer kann sich au\u00dferdem bei jeder Art von Streitigkeiten in diesem Bereich an die <a href=\"https:\/\/cnpd.public.lu\/\" target=\"_blank\" rel=\"noopener noreferrer\">Nationale Kommission f\u00fcr den Datenschutz<\/a> wenden (<em>Commission nationale pour la protection des donn\u00e9es<\/em> mit Sitz in\u00a01, Avenue du Rock&#8217;n&#8217;Roll, L-4361 Esch-sur-Alzette).<\/p>\n<h3 class=\"western\" style=\"text-align: justify;\">Kontaktformular<\/h3>\n<p style=\"text-align: justify;\">Ihre im <a href=\"https:\/\/www.mbp-foundation.org\/?page_id=116\">Kontaktformular<\/a> angegebenen Informationen werden von der Stiftung verarbeitet, damit Ihre Anfrage erfolgreich abgeschlossen werden kann.<\/p>\n<p style=\"text-align: justify;\">Wenn Sie Ihren Vorgang fortsetzen, akzeptieren Sie damit, dass Ihre personenbezogenen Daten im Rahmen Ihres Antrags verarbeitet werden. Diese Informationen werden von der Stiftung f\u00fcr den zur Verarbeitung erforderlichen Zeitraum gespeichert.<\/p>\n<p style=\"text-align: justify;\">Der Zeitraum der Datenspeicherung h\u00e4ngt vom jeweiligen Antrag ab. Die Stiftung erteilt auf Anfrage Auskunft \u00fcber die entsprechende Dauer oder die zu deren Festlegung angewandten Kriterien.<\/p>\n<p style=\"text-align: justify;\">Empf\u00e4nger Ihrer Daten ist die Stiftung und um die Empf\u00e4nger der in diesem Formular erfassten Daten zu erfahren, wenden Sie sich bitte an uns.<\/p>\n<p style=\"text-align: justify;\">Gem\u00e4\u00df der Verordnung (EU) 2016\/679 zum Schutz nat\u00fcrlicher Personen bei der Verarbeitung personenbezogener Daten und zum freien Datenverkehr haben Sie das Recht auf Zugang, Berichtigung und gegebenenfalls L\u00f6schung Ihrer personenbezogenen Informationen. Sie haben zudem das Recht, Ihre erteilte Einwilligung jederzeit zu widerrufen.<\/p>\n<p style=\"text-align: justify;\">Weiterhin k\u00f6nnen Sie, au\u00dfer in F\u00e4llen, in denen die Verarbeitung Ihrer Daten verpflichtend ist, Widerspruch einlegen, wenn dieser rechtm\u00e4\u00dfig begr\u00fcndet ist.<\/p>\n<p style=\"text-align: justify;\">Wenn Sie diese Rechte aus\u00fcben und\/oder Einsicht in Ihre Informationen nehmen m\u00f6chten, k\u00f6nnen Sie sich unter den im Formular angegebenen Kontaktdaten an die Stiftung wenden. Sie haben au\u00dferdem die M\u00f6glichkeit, bei der <a href=\"https:\/\/cnpd.public.lu\/de.html\" target=\"_blank\" rel=\"noopener noreferrer\">Nationalen Kommission f\u00fcr den Datenschutz<\/a> Beschwerde einzulegen (<em>Commission nationale pour la protection des donn\u00e9es<\/em>, 1,\u00a0Avenue du Rock&#8217;n&#8217;Roll, L-4361 Esch-sur-Alzette).<\/p>\n<h3 class=\"western\" style=\"text-align: justify;\">Verarbeitungen im Zusammenhang mit dem Newsletter<\/h3>\n<p style=\"text-align: justify;\">Die bei der Anmeldung f\u00fcr den Newsletter dieser Internetseite angegebene E-Mail-Adresse wird zu dem einzigen Zweck der Verteilung des Newsletters verarbeitet und gespeichert. Um Missbrauch zu vermeiden, muss der Nutzer seine Anmeldung f\u00fcr den Newsletter best\u00e4tigen, indem er auf einen Link klickt, der an seine angegebene E-Mail-Adresse geschickt wird.<\/p>\n<p style=\"text-align: justify;\">Der Nutzer kann sich jederzeit \u00fcber einen in jeder gesendeten E-Mail enthaltenen Link oder durch Kontaktieren der f\u00fcr die Internetseite zust\u00e4ndigen Beh\u00f6rde oder sonstigen Stelle abmelden. Die Dauer der Speicherung der Nutzdaten \u00fcbersteigt nicht die seiner Anmeldung.<\/p>\n<p style=\"text-align: justify;\">Verantwortlich f\u00fcr diese Verarbeitungen ist die f\u00fcr diese Internetseite verantwortliche Stelle.<\/p>\n<h3 class=\"western\" style=\"text-align: justify;\">Verarbeitungen zur Erhebung der Besucherzahlen<\/h3>\n<p style=\"text-align: justify;\">Bei seinem Besuch der \u00f6ffentlichen Internetseite werden bestimmte Daten im Zusammenhang mit der Hardware und Software des Nutzers erhoben, die nicht zu seiner Identifizierung dienen k\u00f6nnen. Diese Erfassung dient dem alleinigen Zweck, Statistiken zum Aufruf der Seite (Art des Browsers, Aufl\u00f6sung, ungef\u00e4hre Lokalisierung usw.) zu erfassen, um den Nutzern den bestm\u00f6glichen Service bereitzustellen.<\/p>\n<p style=\"text-align: justify;\">Die vollst\u00e4ndige IP-Adresse des Nutzers wird in keinem Fall aufbewahrt. Aufbewahrt wird lediglich ein Teil der IP-Adresse f\u00fcr die Erhebung allgemeiner Statistiken, und es ist in keinem Fall m\u00f6glich, den Nutzer zu identifizieren.<\/p>\n<p style=\"text-align: justify;\">Diese Daten werden auf unserem Server gespeichert und mit der Analyse-Software der Firma <a href=\"https:\/\/matomo.org\/\">Matomo<\/a> verarbeitet. Dies gilt auch f\u00fcr den Fall solcher Daten, die zuk\u00fcnftig erhoben werden.<\/p>\n<p style=\"text-align: justify;\">Die Aufbewahrungsdauer der Daten \u00fcbersteigt nicht den notwendigen Zeitraum f\u00fcr die Beobachtung der Entwicklung der Besucherzahlen im Hinblick auf verwendete Browser, Aufl\u00f6sung oder andere verf\u00fcgbare statistische Daten.<\/p>\n<p style=\"text-align: justify;\">Verantwortlich f\u00fcr diese Verarbeitungen ist die f\u00fcr diese Internetseite verantwortliche Stelle.<\/p>\n","protected":false},"excerpt":{"rendered":"<p>Martine &amp; Bertram Pohl Foundation 78, Rue du Golf L-1638 Senningerberg Tel.: +352 \u2013 26 94 80 \u2013 50 Fax: +352 \u2013 26 94 80 \u2013 99 Allgemeine Nutzungsbedingungen (ANB) der Internetseite Personen, die Informationen, Dokumente, Produkte, Softwareprogramme und einzelne Dienste (allgemein die \u201eDienste\u201c) dieser Internetseite nutzen, nehmen damit die vorliegenden Allgemeinen Nutzungsbedingungen mit all [&hellip;]<\/p>\n","protected":false},"author":7,"featured_media":0,"parent":0,"menu_order":0,"comment_status":"closed","ping_status":"closed","template":"","meta":{"footnotes":""},"class_list":["post-1520","page","type-page","status-publish","hentry"],"_links":{"self":[{"href":"https:\/\/www.mbp-foundation.org\/index.php?rest_route=\/wp\/v2\/pages\/1520","targetHints":{"allow":["GET"]}}],"collection":[{"href":"https:\/\/www.mbp-foundation.org\/index.php?rest_route=\/wp\/v2\/pages"}],"about":[{"href":"https:\/\/www.mbp-foundation.org\/index.php?rest_route=\/wp\/v2\/types\/page"}],"author":[{"embeddable":true,"href":"https:\/\/www.mbp-foundation.org\/index.php?rest_route=\/wp\/v2\/users\/7"}],"replies":[{"embeddable":true,"href":"https:\/\/www.mbp-foundation.org\/index.php?rest_route=%2Fwp%2Fv2%2Fcomments&post=1520"}],"version-history":[{"count":10,"href":"https:\/\/www.mbp-foundation.org\/index.php?rest_route=\/wp\/v2\/pages\/1520\/revisions"}],"predecessor-version":[{"id":2344,"href":"https:\/\/www.mbp-foundation.org\/index.php?rest_route=\/wp\/v2\/pages\/1520\/revisions\/2344"}],"wp:attachment":[{"href":"https:\/\/www.mbp-foundation.org\/index.php?rest_route=%2Fwp%2Fv2%2Fmedia&parent=1520"}],"curies":[{"name":"wp","href":"https:\/\/api.w.org\/{rel}","templated":true}]}}