{"id":1517,"date":"2016-10-06T16:41:16","date_gmt":"2016-10-06T14:41:16","guid":{"rendered":"http:\/\/mbp-foundation.org\/?page_id=1161"},"modified":"2016-11-07T17:41:08","modified_gmt":"2016-11-07T16:41:08","slug":"die-idee","status":"publish","type":"page","link":"https:\/\/www.mbp-foundation.org\/?page_id=1517","title":{"rendered":"Die Idee"},"content":{"rendered":"<div class=\"wpb-content-wrapper\"><p>[vc_row][vc_column width=&#8221;2\/3&#8243;][vc_column_text]<\/p>\n<p style=\"text-align: justify;\">Die Stiftung wurde 2007 von Bertram Pohl in Luxemburg mit dem Ziel gegr\u00fcndet, nationale und internationale Projekte zu unterst\u00fctzen, die der Kulturf\u00f6rderung im Bereich Musik und Kinder- und Jugendf\u00f6rderung dienen. Mit Sitz in Senningerberg, Luxemburg, wird die gemeinn\u00fctzige Stiftung ihre Mittel zweckgebunden einsetzen.<\/p>\n<p style=\"text-align: justify;\">In den Jahren 2008\/2009 haben wir diverse Projekte in Deutschland und Frankreich unterst\u00fctzt, bei denen jungen, talentierten Musikern unter der Leitung erfahrener Mentoren und Tutoren die M\u00f6glichkeit gegeben wurde, ihr k\u00fcnstlerisches Potential zu entdecken. Auch wenn sich nun die Zielrichtung der Stiftung von der Musikf\u00f6rderung Abstand nehmend weiterentwickelt hat, verfolgen wir weiterhin die au\u00dfergew\u00f6hnlichen Ergebnisse dieser Zusammenarbeit mit Spannung. Siehe \u201cVollendete Projekte \u2013 Musik\u201d.<\/p>\n<p>[\/vc_column_text][\/vc_column][vc_column width=&#8221;1\/3&#8243;][media alignment=&#8221;center&#8221; animation=&#8221;Right&#8221; link=&#8221;&#8221; image=&#8221;120&#8243; width=&#8221;250&#8243;][\/vc_column][\/vc_row][vc_row][vc_column][vc_column_text]<\/p>\n<p style=\"text-align: justify;\">Der Bereich der Kinder- und Jugendf\u00f6rderung wurde ab 2010\/2011 unter anderem durch eine enge Kooperation mit der Peter Maffay Stiftung erg\u00e4nzt. Seither haben wir unsere Aktivit\u00e4ten in diesem Bereich schnell erweitern k\u00f6nnen und sind mittlerweile weltweit aktiv! Siehe \u201cKinder\u201c, bzw \u201cVollendete Projekte\u201d \u2013 \u201cKinder\u201d.<\/p>\n<p style=\"text-align: justify;\">Seit 2012 tr\u00e4gt unsere Stiftung den Namen Martine &amp; Bertram Pohl Foundation (MBPF). Mit dieser Namens\u00e4nderung haben wir auch unseren F\u00f6rderkreis zugunsten von Projekten aus dem Bereich Tierschutz erweitert. Heimische Wildtiere liegen uns besonders am Herzen, weshalb uns mit der Stiftung \u201cNatur &amp; Emwelt\u201d eine intensive Partnerschaft verbindet. Deren \u201cCentre de Soins pour la Faune Sauvage\u201d (Wildtierstation) empf\u00e4ngt daher unsere volle Unterst\u00fctzung. Siehe \u201cTiere\u201c, bzw \u00a0\u201cVollendete Projekte\u201d \u2013 \u201cTiere\u201d.<\/p>\n<p style=\"text-align: justify;\">All diese Projekte unterst\u00fctzen wir, je nach Bedarf, mit regelm\u00e4ssigen oder auch einmaligen finanziellen Hilfen und durch Aussch\u00f6pfung unseres logistischen Know-hows sowie unseren Netzwerkverbindungen. Bevorzugt schliessen wir Dreijahresvertr\u00e4ge mit Verl\u00e4ngerungsoption ab, um die Nachhaltigkeit der Projekte zu f\u00f6rdern. Das Einbringen unseres Know-hows ist ein essentieller und grosser Teil unserer Arbeit.<\/p>\n<p style=\"text-align: justify;\">Wir w\u00fcrden uns von ganzem Herzen freuen, wenn auch Sie uns \u2013 und nat\u00fcrlich auch sehr gerne finanziell \u2013 bei unserer Arbeit unterst\u00fctzen und danken f\u00fcr Ihre Anregungen und Beitr\u00e4ge!<\/p>\n<p style=\"text-align: justify;\"><strong>Unsere Konten bei der Raiffeisen Luxemburg:<\/strong><\/p>\n<p style=\"text-align: justify;\">LU97 0099 7800 0032 3105 (Kinder)<br \/>\nLU71 0099 7801 0032 3104 (Tiere)<\/p>\n<p style=\"text-align: justify;\"><strong>Danke!<\/strong><\/p>\n<p style=\"text-align: justify;\"><em>Martine und Bertram Pohl im Namen des gesamten Teams der MBPF<\/em><\/p>\n<p>[\/vc_column_text][\/vc_column][\/vc_row]<\/p>\n<\/div>","protected":false},"excerpt":{"rendered":"<p>[vc_row][vc_column width=&#8221;2\/3&#8243;][vc_column_text] Die Stiftung wurde 2007 von Bertram Pohl in Luxemburg mit dem Ziel gegr\u00fcndet, nationale und internationale Projekte zu unterst\u00fctzen, die der Kulturf\u00f6rderung im Bereich Musik und Kinder- und Jugendf\u00f6rderung dienen. Mit Sitz in Senningerberg, Luxemburg, wird die gemeinn\u00fctzige Stiftung ihre Mittel zweckgebunden einsetzen. In den Jahren 2008\/2009 haben wir diverse Projekte in Deutschland [&hellip;]<\/p>\n","protected":false},"author":7,"featured_media":0,"parent":0,"menu_order":0,"comment_status":"closed","ping_status":"closed","template":"","meta":{"footnotes":""},"class_list":["post-1517","page","type-page","status-publish","hentry"],"_links":{"self":[{"href":"https:\/\/www.mbp-foundation.org\/index.php?rest_route=\/wp\/v2\/pages\/1517","targetHints":{"allow":["GET"]}}],"collection":[{"href":"https:\/\/www.mbp-foundation.org\/index.php?rest_route=\/wp\/v2\/pages"}],"about":[{"href":"https:\/\/www.mbp-foundation.org\/index.php?rest_route=\/wp\/v2\/types\/page"}],"author":[{"embeddable":true,"href":"https:\/\/www.mbp-foundation.org\/index.php?rest_route=\/wp\/v2\/users\/7"}],"replies":[{"embeddable":true,"href":"https:\/\/www.mbp-foundation.org\/index.php?rest_route=%2Fwp%2Fv2%2Fcomments&post=1517"}],"version-history":[{"count":9,"href":"https:\/\/www.mbp-foundation.org\/index.php?rest_route=\/wp\/v2\/pages\/1517\/revisions"}],"predecessor-version":[{"id":1823,"href":"https:\/\/www.mbp-foundation.org\/index.php?rest_route=\/wp\/v2\/pages\/1517\/revisions\/1823"}],"wp:attachment":[{"href":"https:\/\/www.mbp-foundation.org\/index.php?rest_route=%2Fwp%2Fv2%2Fmedia&parent=1517"}],"curies":[{"name":"wp","href":"https:\/\/api.w.org\/{rel}","templated":true}]}}