{"id":1273,"date":"2016-10-06T18:27:52","date_gmt":"2016-10-06T17:27:52","guid":{"rendered":"http:\/\/mbp-foundation.org\/?page_id=1273"},"modified":"2020-02-20T19:06:47","modified_gmt":"2020-02-20T18:06:47","slug":"cookies","status":"publish","type":"page","link":"https:\/\/www.mbp-foundation.org\/?page_id=1273","title":{"rendered":"Cookie-Richtlinien"},"content":{"rendered":"<p style=\"text-align: justify;\">Wir legen Ihnen hier in v\u00f6lliger Transparenz dar, wie und warum wir Cookies auf dieser Internetseite einsetzen.<\/p>\n<p style=\"text-align: justify;\">Diese Seite verwendet Cookies, d. h. kleine Textdateien zur Analyse der Informationen \u00fcber die Navigation des Nutzers (H\u00e4ufigkeit der Besuche, Dauer der Besuche, aufgerufene Seiten, Spracheinstellungen usw.). Sie werden von der Internetseite in ein hierf\u00fcr vorgesehenes Verzeichnis auf dem Rechner des Nutzers platziert. Sie enthalten den Namen des Servers, eine Kennung in Form einer eindeutigen Nummer und ein Verfallsdatum. Die eindeutige Kennung erm\u00f6glicht dieser Internetseite, den Rechner des Nutzers bei jedem Besuch wiederzuerkennen.<\/p>\n<p style=\"text-align: justify;\">Der Nutzer kann selbst entscheiden, ob der Webserver dieser Internetseite befugt ist oder nicht, Cookies auf seinem Rechner zu speichern. Er hat jederzeit die Wahl, die Einstellungen seines Browsers so anzupassen, dass Cookies nicht akzeptiert oder gespeichert werden. Im \u00dcbrigen kann er bereits gespeicherte Cookies in seinem Browser jederzeit l\u00f6schen.<\/p>\n<p style=\"text-align: justify;\">Die Nutzung bestimmter Funktionen dieser Internetseite kann eingeschr\u00e4nkt oder deaktiviert werden, wenn der Nutzer die Cookies der Internetseite nicht zul\u00e4sst. Dem Nutzer wird demnach empfohlen, seinen Browser so einzustellen, dass die Cookies der Internetseite akzeptiert werden.<\/p>\n<h2 class=\"western\" style=\"text-align: justify;\">1. Was ist ein Cookie und wozu dient er?<\/h2>\n<p style=\"text-align: justify;\">Ein Cookie ist eine kleine Textdatei, die von der von Ihnen besuchten Internetseite auf der Festplatte Ihres Endger\u00e4ts (z. B. PC, Laptop oder Smartphone) gespeichert und\/oder von Ihrem Webbrowser gelesen wird. So gut wie alle Internetseiten verwenden Cookies, um einen reibungslosen Ablauf zu gew\u00e4hrleisten und ihre Ergonomie und ihre Funktionen zu optimieren.<\/p>\n<h2 class=\"western\">2. Unsere Cookies<\/h2>\n<p style=\"text-align: justify;\">Wir verwenden Cookies im Rahmen der dynamischen Darstellung unserer Seiten mittels des Inhalt Management Systems von <a href=\"https:\/\/de.wordpress.org\/\">WordPress<\/a>. Diese Cookies helfen bei der korrekten Darstellung unserer Seiten auf dem jeweiligen Systems des Nutzers.<\/p>\n<p style=\"text-align: justify;\">F\u00fcr unser Kontaktformular verwenden wir das Antispam-System <a href=\"https:\/\/www.google.com\/recaptcha\/intro\/v3.html\">reCAPTCHA von Google<\/a>. Hierf\u00fcr setzt Google ein Cookie.<\/p>\n<p style=\"text-align: justify;\">Es ist zu beachten, dass wir keine Werbe-Cookies verwenden.<\/p>\n<h2 class=\"western\">3. Wie lassen sich Cookies deaktivieren?<\/h2>\n<p style=\"text-align: justify;\">Sie k\u00f6nnen Cookies jederzeit deaktivieren.<\/p>\n<p style=\"text-align: justify;\">Falls Sie die auf Ihrem Endger\u00e4t gespeicherten Cookies l\u00f6schen und die Parameter Ihres Webbrowsers so einstellen m\u00f6chten, dass er Cookies ablehnt, k\u00f6nnen Sie dies in den Einstellungen Ihres Internetbrowsers tun.<\/p>\n<p style=\"text-align: justify;\">Diese Einstellungen in Bezug auf Cookies befinden sich f\u00fcr gew\u00f6hnlich im Men\u00fc \u201eOptionen\u201c, \u201eTools\u201c oder \u201eVoreinstellungen\u201c des Webbrowsers, den Sie zum Aufrufen dieser Internetseite verwenden.<\/p>\n<p style=\"text-align: justify;\">Je nach verwendetem Webbrowser k\u00f6nnen die Methoden zur Deaktivierung von Cookies voneinander abweichen.<\/p>\n<p style=\"text-align: justify;\">Mehr dar\u00fcber erfahren Sie unter den folgenden Links:<\/p>\n<ul>\n<li><a href=\"http:\/\/windows.microsoft.com\/fr-FR\/windows-vista\/Block-or-allow-cookies\" target=\"_blank\" rel=\"noopener noreferrer\">Microsoft Internet Explorer<\/a><\/li>\n<li><a href=\"https:\/\/support.google.com\/accounts\/answer\/61416?hl=fr\" target=\"_blank\" rel=\"noopener noreferrer\">Google Chrome<\/a><\/li>\n<li><a href=\"https:\/\/support.apple.com\/kb\/PH19214?locale=fr_FR&amp;viewlocale=fr_FR\" target=\"_blank\" rel=\"noopener noreferrer\">Safari<\/a><\/li>\n<li><a href=\"https:\/\/support.mozilla.org\/fr\/kb\/activer-desactiver-cookies\" target=\"_blank\" rel=\"noopener noreferrer\">Firefox<\/a><\/li>\n<li><a href=\"http:\/\/help.opera.com\/Windows\/10.20\/fr\/cookies.html\" target=\"_blank\" rel=\"noopener noreferrer\">Opera<\/a><\/li>\n<\/ul>\n<p style=\"text-align: justify;\">Beachten Sie, dass Sie auch dann noch in der Lage sind, auf dieser Internetseite zu navigieren, wenn Sie das Speichern von Cookies auf Ihrem Endger\u00e4t nicht zulassen.<\/p>\n<p style=\"text-align: justify;\">Bei Fragen \u00fcber die Cookie-Richtlinien k\u00f6nnen Sie uns jederzeit \u00fcber das <a href=\"https:\/\/www.mbp-foundation.org\/?page_id=116\" target=\"_blank\" rel=\"noopener noreferrer\">Online-Formular<\/a> kontaktieren.<\/p>\n<p style=\"text-align: justify;\">Weitere Informationen finden Sie <a href=\"https:\/\/www.mbp-foundation.org\/?page_id=1520\">hier<\/a>.<\/p>\n","protected":false},"excerpt":{"rendered":"<p>Wir legen Ihnen hier in v\u00f6lliger Transparenz dar, wie und warum wir Cookies auf dieser Internetseite einsetzen. Diese Seite verwendet Cookies, d. h. kleine Textdateien zur Analyse der Informationen \u00fcber die Navigation des Nutzers (H\u00e4ufigkeit der Besuche, Dauer der Besuche, aufgerufene Seiten, Spracheinstellungen usw.). Sie werden von der Internetseite in ein hierf\u00fcr vorgesehenes Verzeichnis auf [&hellip;]<\/p>\n","protected":false},"author":7,"featured_media":0,"parent":0,"menu_order":0,"comment_status":"closed","ping_status":"closed","template":"","meta":{"footnotes":""},"class_list":["post-1273","page","type-page","status-publish","hentry"],"_links":{"self":[{"href":"https:\/\/www.mbp-foundation.org\/index.php?rest_route=\/wp\/v2\/pages\/1273","targetHints":{"allow":["GET"]}}],"collection":[{"href":"https:\/\/www.mbp-foundation.org\/index.php?rest_route=\/wp\/v2\/pages"}],"about":[{"href":"https:\/\/www.mbp-foundation.org\/index.php?rest_route=\/wp\/v2\/types\/page"}],"author":[{"embeddable":true,"href":"https:\/\/www.mbp-foundation.org\/index.php?rest_route=\/wp\/v2\/users\/7"}],"replies":[{"embeddable":true,"href":"https:\/\/www.mbp-foundation.org\/index.php?rest_route=%2Fwp%2Fv2%2Fcomments&post=1273"}],"version-history":[{"count":9,"href":"https:\/\/www.mbp-foundation.org\/index.php?rest_route=\/wp\/v2\/pages\/1273\/revisions"}],"predecessor-version":[{"id":2335,"href":"https:\/\/www.mbp-foundation.org\/index.php?rest_route=\/wp\/v2\/pages\/1273\/revisions\/2335"}],"wp:attachment":[{"href":"https:\/\/www.mbp-foundation.org\/index.php?rest_route=%2Fwp%2Fv2%2Fmedia&parent=1273"}],"curies":[{"name":"wp","href":"https:\/\/api.w.org\/{rel}","templated":true}]}}